{"id":11379,"date":"2018-03-22T10:23:21","date_gmt":"2018-03-22T09:23:21","guid":{"rendered":"https:\/\/neu.welten-verbinden.at\/?page_id=11379"},"modified":"2018-03-27T11:42:15","modified_gmt":"2018-03-27T09:42:15","slug":"ueber-welten-verbinden","status":"publish","type":"page","link":"https:\/\/www.welten-verbinden.at\/start2018\/ueber-welten-verbinden\/","title":{"rendered":"\u00dcber Welten-verbinden"},"content":{"rendered":"<p><div id=\"philosophie\"><div class=\"fusion-fullwidth fullwidth-box fusion-builder-row-1 nonhundred-percent-fullwidth non-hundred-percent-height-scrolling\" style=\"background-color: #ffffff;background-position: center center;background-repeat: no-repeat;padding-top:0px;padding-right:0px;padding-bottom:0px;padding-left:0px;margin-bottom: 0px;margin-top: 0px;border-width: 0px 0px 0px 0px;border-color:#eae9e9;border-style:solid;\" ><div class=\"fusion-builder-row fusion-row\"><div class=\"fusion-layout-column fusion_builder_column fusion-builder-column-0 fusion_builder_column_1_2 1_2 fusion-one-half fusion-column-first\" style=\"width:50%;width:calc(50% - ( ( 4% ) * 0.5 ) );margin-right: 4%;margin-top:0px;margin-bottom:20px;\"><div class=\"fusion-column-wrapper fusion-flex-column-wrapper-legacy\" style=\"background-position:left top;background-repeat:no-repeat;-webkit-background-size:cover;-moz-background-size:cover;-o-background-size:cover;background-size:cover;padding: 0px 0px 0px 0px;\"><div class=\"fusion-text fusion-text-1\"><h1>Philosophie &amp; Grundhaltung<\/h1>\n<h2><b>&#8220;Welten verbinden&#8221;, dr\u00fcckt genau das aus,\u00a0was mir wichtig ist!<\/b><\/h2>\n<p><strong>Mit meinen Angeboten will ich die unterschiedlichsten Welten verbinden, bereichern, aktivieren, etc.<\/strong><\/p>\n<p>Zum Beispiel die\u00a0Welten von\u00a0\u00a0M\u00e4nner und Frauen, von jung und alt, von Eltern und Kindern, von unterschiedlichen Kulturen, von F\u00fchrungskr\u00e4ften und MitarbeiterInnen, etc. und nat\u00fcrlich die jeweils eigenen unterschiedlichsten inneren Welten.<\/p>\n<\/div><div class=\"fusion-clearfix\"><\/div><\/div><\/div><div class=\"fusion-layout-column fusion_builder_column fusion-builder-column-1 fusion_builder_column_1_2 1_2 fusion-one-half fusion-column-last\" style=\"width:50%;width:calc(50% - ( ( 4% ) * 0.5 ) );margin-top:0px;margin-bottom:20px;\"><div class=\"fusion-column-wrapper fusion-flex-column-wrapper-legacy\" style=\"background-position:left top;background-repeat:no-repeat;-webkit-background-size:cover;-moz-background-size:cover;-o-background-size:cover;background-size:cover;padding: 0px 0px 0px 0px;\"><span class=\" fusion-imageframe imageframe-none imageframe-1 hover-type-none\"><img width=\"1024\" image_height=\"645\" image_id=\"11053\" title=\"welten-verbinden_-Logo01\" src=\"https:\/\/neu.welten-verbinden.at\/wp-content\/uploads\/2018\/03\/welten-verbinden_-Logo01-1024x645.png\" class=\"img-responsive wp-image-11053\" srcset=\"https:\/\/www.welten-verbinden.at\/wp-content\/uploads\/2018\/03\/welten-verbinden_-Logo01-200x126.png 200w, https:\/\/www.welten-verbinden.at\/wp-content\/uploads\/2018\/03\/welten-verbinden_-Logo01-400x252.png 400w, https:\/\/www.welten-verbinden.at\/wp-content\/uploads\/2018\/03\/welten-verbinden_-Logo01-600x378.png 600w, https:\/\/www.welten-verbinden.at\/wp-content\/uploads\/2018\/03\/welten-verbinden_-Logo01-800x504.png 800w, https:\/\/www.welten-verbinden.at\/wp-content\/uploads\/2018\/03\/welten-verbinden_-Logo01-1200x756.png 1200w, https:\/\/www.welten-verbinden.at\/wp-content\/uploads\/2018\/03\/welten-verbinden_-Logo01.png 1922w\" sizes=\"(max-width: 800px) 100vw, 600px\" \/><\/span><div class=\"fusion-clearfix\"><\/div><\/div><\/div><div class=\"fusion-layout-column fusion_builder_column fusion-builder-column-2 fusion_builder_column_1_1 1_1 fusion-one-full fusion-column-first fusion-column-last\" style=\"margin-top:0px;margin-bottom:20px;\"><div class=\"fusion-column-wrapper fusion-flex-column-wrapper-legacy\" style=\"background-position:left top;background-repeat:no-repeat;-webkit-background-size:cover;-moz-background-size:cover;-o-background-size:cover;background-size:cover;padding: 0px 0px 0px 0px;\"><div class=\"fusion-text fusion-text-2\"><p>Dazu nutze ich auch die unterschiedlichsten Methoden, wie Systemische Ans\u00e4tze, Aufstellungen, PSYCH-K, Gewaltfreie Kommunikation, Imago, etc.<\/p>\n<p>Getragen von den Haltungen und den aktuellen Erkenntnissen der Quantenphysik, der Gehirnforschung sowie einer breiten und offenen Spiritualit\u00e4t.<\/p>\n<p>Um die unterschiedlichsten \u00e4u\u00dferen Welten stimmig verbinden zu k\u00f6nnen, gilt es auch die eigene innere Individualwelt zur Reife und zum Bl\u00fchen zu bringen.<\/p>\n<p>Die eigenen individuellen inneren Welten zu einem bereichernden, stimmigeren Ganzen zusammenzuf\u00fchren ist zielf\u00fchrend f\u00fcr die eigene Lebensgestaltung, die zu Gl\u00fcck und Erfolg\u00a0f\u00fchrt.<\/p>\n<p>Gl\u00fcck definiert sich f\u00fcr mich durch sich Zugeh\u00f6rig f\u00fchlen, Freude und Sinn zu empfinden und einen gewissen Gestaltungsfreiraum zu haben.<\/p>\n<p>Die eigene Welt erforschen um zu erkennen und mit anderen Welten zu bereichern f\u00fchrt zu einer neuen mehrdimensionalen Welt, die wesentlich mehr ist als die Summe der vorherigen &#8220;Einzelwelten.&#8221;<\/p>\n<p>Ich freue mich darauf\u00a0Welten kennen zu lernen und diese mit anderen (inneren\/\u00e4u\u00dferen) Welten zu verbinden.<\/p>\n<\/div><div class=\"fusion-clearfix\"><\/div><\/div><\/div><\/div><\/div><\/div><div id=\"persoenlich\"><div class=\"fusion-fullwidth fullwidth-box fusion-builder-row-2 nonhundred-percent-fullwidth non-hundred-percent-height-scrolling\" style=\"background-color: #ffffff;background-position: center center;background-repeat: no-repeat;padding-top:0px;padding-right:0px;padding-bottom:0px;padding-left:0px;margin-bottom: 0px;margin-top: 0px;border-width: 0px 0px 0px 0px;border-color:#eae9e9;border-style:solid;\" ><div class=\"fusion-builder-row fusion-row\"><div class=\"fusion-layout-column fusion_builder_column fusion-builder-column-3 fusion_builder_column_1_4 1_4 fusion-one-fourth fusion-column-first\" style=\"width:25%;width:calc(25% - ( ( 4% ) * 0.25 ) );margin-right: 4%;margin-top:0px;margin-bottom:20px;\"><div class=\"fusion-column-wrapper fusion-flex-column-wrapper-legacy\" style=\"background-position:left top;background-repeat:no-repeat;-webkit-background-size:cover;-moz-background-size:cover;-o-background-size:cover;background-size:cover;padding: 0px 0px 0px 0px;\"><div class=\"fusion-image-frame-bottomshadow image-frame-shadow-2\"><style>.fusion-image-frame-bottomshadow.image-frame-shadow-2{display:inline-block}.element-bottomshadow.imageframe-2:before, .element-bottomshadow.imageframe-2:after{-webkit-box-shadow: 0 17px 10px rgba(0,0,0,0.4);box-shadow: 0 17px 10px rgba(0,0,0,0.4);}<\/style><span class=\" fusion-imageframe imageframe-bottomshadow imageframe-2 element-bottomshadow hover-type-none\"><img width=\"591\" image_height=\"886\" image_id=\"10968\" title=\"Jaritz Roland 049R-f.word\" src=\"https:\/\/neu.welten-verbinden.at\/wp-content\/uploads\/2018\/01\/Jaritz-Roland-049R-f.word_.jpg\" class=\"img-responsive wp-image-10968\" srcset=\"https:\/\/www.welten-verbinden.at\/wp-content\/uploads\/2018\/01\/Jaritz-Roland-049R-f.word_-200x300.jpg 200w, https:\/\/www.welten-verbinden.at\/wp-content\/uploads\/2018\/01\/Jaritz-Roland-049R-f.word_-400x600.jpg 400w, https:\/\/www.welten-verbinden.at\/wp-content\/uploads\/2018\/01\/Jaritz-Roland-049R-f.word_.jpg 591w\" sizes=\"(max-width: 800px) 100vw, 400px\" \/><\/span><\/div><div class=\"fusion-clearfix\"><\/div><\/div><\/div><div class=\"fusion-layout-column fusion_builder_column fusion-builder-column-4 fusion_builder_column_3_4 3_4 fusion-three-fourth fusion-column-last\" style=\"width:75%;width:calc(75% - ( ( 4% ) * 0.75 ) );margin-top:0px;margin-bottom:20px;\"><div class=\"fusion-column-wrapper fusion-flex-column-wrapper-legacy\" style=\"background-position:left top;background-repeat:no-repeat;-webkit-background-size:cover;-moz-background-size:cover;-o-background-size:cover;background-size:cover;padding: 0px 0px 0px 0px;\"><div class=\"fusion-text fusion-text-3\"><h1>Pers\u00f6nlich<\/h1>\n<p><strong>Am Fu\u00dfe des Kreuzbergls habe ich die Praxis \u201eWelten\u2013verbinden\u201c 2009 er\u00f6ffnet.\u00a0<\/strong><\/p>\n<p>Ein damaliges Motiv daf\u00fcr war auch, die unterschiedlichen \u201eWelten\u201c von M\u00e4nner &amp; Frauen, die uns immer wieder vor die Herausforderung stellen, den Anderen in seinem Handeln, Denken und Sein zu verstehen und diesem dann auch den Raum zu geben, mit all den dazugeh\u00f6rigen Fragen proffesionell zu begleiten. Durch aktives Interesse und dem sich Einlassen auf und in die Welt des Anderen entsteht laufend ein gr\u00f6\u00dferes Ganzes &#8211; eine gemeinsame synergetische Welt, welche das jeweils Eigene und das Neue integriert. Mit diesen Themen habe ich mich auch aktivst auseinasdergesetzt und auch pers\u00f6nlich raufs u. runters erlebt. Bin kein \u201eWunderwuzi\u201c, dennoch bin Ich!<\/p>\n<p>Weitere berufliche Welten sind dazugekommen und ich begleite jetzt schwerpunktm\u00e4\u00dfig Teams und Organisationen (siehe Profil) ihre unterscheidlichsten inneren &amp; \u00e4u\u00dferen\u00a0 Welten zu verbinden. Meine Engagements siehe unter Initiativen.<\/p>\n<\/div><div class=\"fusion-clearfix\"><\/div><\/div><\/div><div class=\"fusion-layout-column fusion_builder_column fusion-builder-column-5 fusion_builder_column_1_1 1_1 fusion-one-full fusion-column-first fusion-column-last\" style=\"margin-top:0px;margin-bottom:20px;\"><div class=\"fusion-column-wrapper fusion-flex-column-wrapper-legacy\" style=\"background-position:left top;background-repeat:no-repeat;-webkit-background-size:cover;-moz-background-size:cover;-o-background-size:cover;background-size:cover;padding: 0px 0px 0px 0px;\"><div class=\"fusion-text fusion-text-4\"><a href=\"\/wp-content\/uploads\/2018\/03\/Innere-Welten-Weiblich_M\u00e4nnlich.pdf\" class=\"pdfemb-viewer\" style=\"\" data-width=\"max\" data-height=\"max\"  data-toolbar=\"bottom\" data-toolbar-fixed=\"off\">Innere-Welten-Weiblich_M\u00e4nnlich<br\/><\/a>\n<\/div><div class=\"fusion-clearfix\"><\/div><\/div><\/div><\/div><\/div><\/div><\/p>\n","protected":false},"excerpt":{"rendered":"","protected":false},"author":3,"featured_media":0,"parent":0,"menu_order":0,"comment_status":"closed","ping_status":"closed","template":"","meta":[],"yoast_head":"<!-- This site is optimized with the Yoast SEO plugin v14.8 - https:\/\/yoast.com\/wordpress\/plugins\/seo\/ -->\n<title>\u00dcber Welten-verbinden - welten-verbinden<\/title>\n<meta name=\"robots\" content=\"index, follow\" \/>\n<meta name=\"googlebot\" content=\"index, follow, max-snippet:-1, max-image-preview:large, max-video-preview:-1\" \/>\n<meta name=\"bingbot\" content=\"index, follow, max-snippet:-1, max-image-preview:large, max-video-preview:-1\" \/>\n<link rel=\"canonical\" href=\"https:\/\/www.welten-verbinden.at\/start2018\/ueber-welten-verbinden\/\" \/>\n<meta property=\"og:locale\" content=\"de_DE\" \/>\n<meta property=\"og:type\" content=\"article\" \/>\n<meta property=\"og:title\" content=\"\u00dcber Welten-verbinden - welten-verbinden\" \/>\n<meta property=\"og:url\" content=\"https:\/\/www.welten-verbinden.at\/start2018\/ueber-welten-verbinden\/\" \/>\n<meta property=\"og:site_name\" content=\"welten-verbinden\" \/>\n<meta property=\"article:modified_time\" content=\"2018-03-27T09:42:15+00:00\" \/>\n<meta name=\"twitter:card\" content=\"summary_large_image\" \/>\n<script type=\"application\/ld+json\" class=\"yoast-schema-graph\">{\"@context\":\"https:\/\/schema.org\",\"@graph\":[{\"@type\":\"WebSite\",\"@id\":\"https:\/\/www.welten-verbinden.at\/start2018\/#website\",\"url\":\"https:\/\/www.welten-verbinden.at\/start2018\/\",\"name\":\"welten-verbinden\",\"description\":\"\",\"potentialAction\":[{\"@type\":\"SearchAction\",\"target\":\"https:\/\/www.welten-verbinden.at\/start2018\/?s={search_term_string}\",\"query-input\":\"required name=search_term_string\"}],\"inLanguage\":\"de\"},{\"@type\":\"WebPage\",\"@id\":\"https:\/\/www.welten-verbinden.at\/start2018\/ueber-welten-verbinden\/#webpage\",\"url\":\"https:\/\/www.welten-verbinden.at\/start2018\/ueber-welten-verbinden\/\",\"name\":\"\\u00dcber Welten-verbinden - welten-verbinden\",\"isPartOf\":{\"@id\":\"https:\/\/www.welten-verbinden.at\/start2018\/#website\"},\"datePublished\":\"2018-03-22T09:23:21+00:00\",\"dateModified\":\"2018-03-27T09:42:15+00:00\",\"inLanguage\":\"de\",\"potentialAction\":[{\"@type\":\"ReadAction\",\"target\":[\"https:\/\/www.welten-verbinden.at\/start2018\/ueber-welten-verbinden\/\"]}]}]}<\/script>\n<!-- \/ Yoast SEO plugin. -->","_links":{"self":[{"href":"https:\/\/www.welten-verbinden.at\/start2018\/wp-json\/wp\/v2\/pages\/11379"}],"collection":[{"href":"https:\/\/www.welten-verbinden.at\/start2018\/wp-json\/wp\/v2\/pages"}],"about":[{"href":"https:\/\/www.welten-verbinden.at\/start2018\/wp-json\/wp\/v2\/types\/page"}],"author":[{"embeddable":true,"href":"https:\/\/www.welten-verbinden.at\/start2018\/wp-json\/wp\/v2\/users\/3"}],"replies":[{"embeddable":true,"href":"https:\/\/www.welten-verbinden.at\/start2018\/wp-json\/wp\/v2\/comments?post=11379"}],"version-history":[{"count":11,"href":"https:\/\/www.welten-verbinden.at\/start2018\/wp-json\/wp\/v2\/pages\/11379\/revisions"}],"predecessor-version":[{"id":11943,"href":"https:\/\/www.welten-verbinden.at\/start2018\/wp-json\/wp\/v2\/pages\/11379\/revisions\/11943"}],"wp:attachment":[{"href":"https:\/\/www.welten-verbinden.at\/start2018\/wp-json\/wp\/v2\/media?parent=11379"}],"curies":[{"name":"wp","href":"https:\/\/api.w.org\/{rel}","templated":true}]}}